{"id":6,"date":"2023-06-24T22:39:24","date_gmt":"2023-06-24T22:39:24","guid":{"rendered":"https:\/\/ximeacademy.com\/?page_id=6"},"modified":"2025-03-04T19:55:20","modified_gmt":"2025-03-05T00:55:20","slug":"inicio","status":"publish","type":"page","link":"https:\/\/ximeacademy.com\/","title":{"rendered":"Inicio"},"content":{"rendered":"\t\t<div data-elementor-type=\"wp-page\" data-elementor-id=\"6\" class=\"elementor elementor-6\">\n\t\t\t\t\t\t\t\t\t<section class=\"elementor-section elementor-top-section elementor-element elementor-element-b30e2ba elementor-section-boxed elementor-section-height-default elementor-section-height-default\" data-id=\"b30e2ba\" data-element_type=\"section\">\n\t\t\t\t\t\t<div class=\"elementor-container elementor-column-gap-default\">\n\t\t\t\t\t<div class=\"elementor-column elementor-col-100 elementor-top-column elementor-element elementor-element-fa8fddc\" data-id=\"fa8fddc\" data-element_type=\"column\">\n\t\t\t<div class=\"elementor-widget-wrap elementor-element-populated\">\n\t\t\t\t\t\t\t\t<div class=\"elementor-element elementor-element-c640b23 elementor-widget elementor-widget-text-editor\" data-id=\"c640b23\" data-element_type=\"widget\" data-widget_type=\"text-editor.default\">\n\t\t\t\t<div class=\"elementor-widget-container\">\n\t\t\t<style>\/*! elementor - v3.14.0 - 18-06-2023 *\/\n.elementor-widget-text-editor.elementor-drop-cap-view-stacked .elementor-drop-cap{background-color:#69727d;color:#fff}.elementor-widget-text-editor.elementor-drop-cap-view-framed .elementor-drop-cap{color:#69727d;border:3px solid;background-color:transparent}.elementor-widget-text-editor:not(.elementor-drop-cap-view-default) .elementor-drop-cap{margin-top:8px}.elementor-widget-text-editor:not(.elementor-drop-cap-view-default) .elementor-drop-cap-letter{width:1em;height:1em}.elementor-widget-text-editor .elementor-drop-cap{float:left;text-align:center;line-height:1;font-size:50px}.elementor-widget-text-editor .elementor-drop-cap-letter{display:inline-block}<\/style>\t\t\t\t<h2>\u00a0 \u00a0 \u00a0 \u00a0 Toma el Control de Tus Finanzas y Transforma Tu Futuro<\/h2><p>\u00bfTe gustar\u00eda aprender c\u00f3mo manejar tu dinero, invertir con inteligencia y alcanzar la libertad financiera? No importa en qu\u00e9 punto te encuentres, aqu\u00ed tienes el camino perfecto para empezar o avanzar.<br \/>Con nuestros tres niveles de educaci\u00f3n financiera, podr\u00e1s adquirir los conocimientos que necesitas para tomar decisiones inteligentes sobre tu dinero:<\/p>\t\t\t\t\t\t<\/div>\n\t\t\t\t<\/div>\n\t\t\t\t\t<\/div>\n\t\t<\/div>\n\t\t\t\t\t\t\t<\/div>\n\t\t<\/section>\n\t\t\t\t<section class=\"elementor-section elementor-top-section elementor-element elementor-element-a000885 elementor-section-boxed elementor-section-height-default elementor-section-height-default\" data-id=\"a000885\" data-element_type=\"section\">\n\t\t\t\t\t\t<div class=\"elementor-container elementor-column-gap-default\">\n\t\t\t\t\t<div class=\"elementor-column elementor-col-33 elementor-top-column elementor-element elementor-element-e571730\" data-id=\"e571730\" data-element_type=\"column\">\n\t\t\t<div class=\"elementor-widget-wrap elementor-element-populated\">\n\t\t\t\t\t\t\t\t<div class=\"elementor-element elementor-element-4ed71c8 elementor-widget elementor-widget-image\" data-id=\"4ed71c8\" data-element_type=\"widget\" data-widget_type=\"image.default\">\n\t\t\t\t<div class=\"elementor-widget-container\">\n\t\t\t<style>\/*! elementor - v3.14.0 - 18-06-2023 *\/\n.elementor-widget-image{text-align:center}.elementor-widget-image a{display:inline-block}.elementor-widget-image a img[src$=\".svg\"]{width:48px}.elementor-widget-image img{vertical-align:middle;display:inline-block}<\/style>\t\t\t\t\t\t\t\t\t\t\t\t\t<a href=\"https:\/\/ximeacademy.com\/index.php\/cursos\/?loop_content_only=false&#038;column_per_row=2&#038;course_per_page=12&#038;show_pagination=false&#038;keyword=&#038;tutor-course-filter-category=20&#038;course_filter=true&#038;loop_content_only=false&#038;column_per_row=2&#038;course_per_page=12&#038;show_pagination=false&#038;current_page=1&#038;action=tutor_course_filter_ajax\">\n\t\t\t\t\t\t\t<img loading=\"lazy\" decoding=\"async\" width=\"512\" height=\"512\" src=\"https:\/\/ximeacademy.com\/wp-content\/uploads\/2023\/06\/1.png\" class=\"attachment-large size-large wp-image-135\" alt=\"\" srcset=\"https:\/\/ximeacademy.com\/wp-content\/uploads\/2023\/06\/1.png 512w, https:\/\/ximeacademy.com\/wp-content\/uploads\/2023\/06\/1-300x300.png 300w, https:\/\/ximeacademy.com\/wp-content\/uploads\/2023\/06\/1-150x150.png 150w, https:\/\/ximeacademy.com\/wp-content\/uploads\/2023\/06\/1-100x100.png 100w\" sizes=\"auto, (max-width: 512px) 100vw, 512px\" \/>\t\t\t\t\t\t\t\t<\/a>\n\t\t\t\t\t\t\t\t\t\t\t\t\t\t\t<\/div>\n\t\t\t\t<\/div>\n\t\t\t\t<div class=\"elementor-element elementor-element-8015b79 elementor-widget elementor-widget-text-editor\" data-id=\"8015b79\" data-element_type=\"widget\" data-widget_type=\"text-editor.default\">\n\t\t\t\t<div class=\"elementor-widget-container\">\n\t\t\t\t\t\t\t<p>\u00a0<img decoding=\"async\" class=\"emoji\" role=\"img\" draggable=\"false\" src=\"https:\/\/s.w.org\/images\/core\/emoji\/15.0.3\/svg\/2705.svg\" alt=\"\u2705\" \/> Nivel B\u00e1sico \u2013 Aprende los fundamentos para organizar tus finanzas, crear tu presupuesto y empezar a ahorrar con prop\u00f3sito.<\/p>\t\t\t\t\t\t<\/div>\n\t\t\t\t<\/div>\n\t\t\t\t\t<\/div>\n\t\t<\/div>\n\t\t\t\t<div class=\"elementor-column elementor-col-33 elementor-top-column elementor-element elementor-element-ab35f96\" data-id=\"ab35f96\" data-element_type=\"column\">\n\t\t\t<div class=\"elementor-widget-wrap elementor-element-populated\">\n\t\t\t\t\t\t\t\t<div class=\"elementor-element elementor-element-8d50745 elementor-widget elementor-widget-image\" data-id=\"8d50745\" data-element_type=\"widget\" data-widget_type=\"image.default\">\n\t\t\t\t<div class=\"elementor-widget-container\">\n\t\t\t\t\t\t\t\t\t\t\t\t\t\t\t\t<a href=\"https:\/\/ximeacademy.com\/index.php\/cursos\/?loop_content_only=false&#038;column_per_row=2&#038;course_per_page=12&#038;show_pagination=false&#038;keyword=&#038;tutor-course-filter-category=21&#038;course_filter=true&#038;loop_content_only=false&#038;column_per_row=2&#038;course_per_page=12&#038;show_pagination=false&#038;current_page=1&#038;action=tutor_course_filter_ajax\">\n\t\t\t\t\t\t\t<img loading=\"lazy\" decoding=\"async\" width=\"512\" height=\"512\" src=\"https:\/\/ximeacademy.com\/wp-content\/uploads\/2023\/06\/2.png\" class=\"attachment-large size-large wp-image-136\" alt=\"\" srcset=\"https:\/\/ximeacademy.com\/wp-content\/uploads\/2023\/06\/2.png 512w, https:\/\/ximeacademy.com\/wp-content\/uploads\/2023\/06\/2-300x300.png 300w, https:\/\/ximeacademy.com\/wp-content\/uploads\/2023\/06\/2-150x150.png 150w, https:\/\/ximeacademy.com\/wp-content\/uploads\/2023\/06\/2-100x100.png 100w\" sizes=\"auto, (max-width: 512px) 100vw, 512px\" \/>\t\t\t\t\t\t\t\t<\/a>\n\t\t\t\t\t\t\t\t\t\t\t\t\t\t\t<\/div>\n\t\t\t\t<\/div>\n\t\t\t\t<div class=\"elementor-element elementor-element-4111d06 elementor-widget elementor-widget-text-editor\" data-id=\"4111d06\" data-element_type=\"widget\" data-widget_type=\"text-editor.default\">\n\t\t\t\t<div class=\"elementor-widget-container\">\n\t\t\t\t\t\t\t<p>\ud83d\ude80 Nivel Intermedio \u2013 Descubre c\u00f3mo hacer crecer tu dinero con inversiones, manejar deudas estrat\u00e9gicamente y proteger tu patrimonio.<\/p>\t\t\t\t\t\t<\/div>\n\t\t\t\t<\/div>\n\t\t\t\t\t<\/div>\n\t\t<\/div>\n\t\t\t\t<div class=\"elementor-column elementor-col-33 elementor-top-column elementor-element elementor-element-ecd5d7a\" data-id=\"ecd5d7a\" data-element_type=\"column\">\n\t\t\t<div class=\"elementor-widget-wrap elementor-element-populated\">\n\t\t\t\t\t\t\t\t<div class=\"elementor-element elementor-element-99eae57 elementor-widget elementor-widget-image\" data-id=\"99eae57\" data-element_type=\"widget\" data-widget_type=\"image.default\">\n\t\t\t\t<div class=\"elementor-widget-container\">\n\t\t\t\t\t\t\t\t\t\t\t\t\t\t\t\t<a href=\"https:\/\/ximeacademy.com\/index.php\/cursos\/?loop_content_only=false&#038;column_per_row=2&#038;course_per_page=12&#038;show_pagination=false&#038;keyword=&#038;tutor-course-filter-category=22&#038;course_filter=true&#038;loop_content_only=false&#038;column_per_row=2&#038;course_per_page=12&#038;show_pagination=false&#038;current_page=1&#038;action=tutor_course_filter_ajax\">\n\t\t\t\t\t\t\t<img loading=\"lazy\" decoding=\"async\" width=\"512\" height=\"512\" src=\"https:\/\/ximeacademy.com\/wp-content\/uploads\/2023\/06\/3.png\" class=\"attachment-large size-large wp-image-137\" alt=\"\" srcset=\"https:\/\/ximeacademy.com\/wp-content\/uploads\/2023\/06\/3.png 512w, https:\/\/ximeacademy.com\/wp-content\/uploads\/2023\/06\/3-300x300.png 300w, https:\/\/ximeacademy.com\/wp-content\/uploads\/2023\/06\/3-150x150.png 150w, https:\/\/ximeacademy.com\/wp-content\/uploads\/2023\/06\/3-100x100.png 100w\" sizes=\"auto, (max-width: 512px) 100vw, 512px\" \/>\t\t\t\t\t\t\t\t<\/a>\n\t\t\t\t\t\t\t\t\t\t\t\t\t\t\t<\/div>\n\t\t\t\t<\/div>\n\t\t\t\t<div class=\"elementor-element elementor-element-00cedd9 elementor-widget elementor-widget-text-editor\" data-id=\"00cedd9\" data-element_type=\"widget\" data-widget_type=\"text-editor.default\">\n\t\t\t\t<div class=\"elementor-widget-container\">\n\t\t\t\t\t\t\t<p>\ud83d\udd25 Nivel Avanzado \u2013 Domina estrategias avanzadas de inversi\u00f3n, ingresos pasivos y planificaci\u00f3n financiera para alcanzar la libertad financiera.<\/p>\t\t\t\t\t\t<\/div>\n\t\t\t\t<\/div>\n\t\t\t\t\t<\/div>\n\t\t<\/div>\n\t\t\t\t\t\t\t<\/div>\n\t\t<\/section>\n\t\t\t\t\t\t\t<\/div>\n\t\t","protected":false},"excerpt":{"rendered":"<p>\u00a0 \u00a0 \u00a0 \u00a0 Toma el Control de Tus Finanzas y Transforma Tu Futuro \u00bfTe gustar\u00eda aprender c\u00f3mo manejar tu dinero, invertir con inteligencia y alcanzar la libertad financiera? No importa en qu\u00e9 punto te encuentres, aqu\u00ed tienes el camino perfecto para empezar o avanzar.Con nuestros tres niveles de educaci\u00f3n financiera, podr\u00e1s adquirir los conocimientos &hellip;<\/p>\n<p class=\"read-more\"> <a class=\"\" href=\"https:\/\/ximeacademy.com\/\"> <span class=\"screen-reader-text\">Inicio<\/span> Leer m\u00e1s &raquo;<\/a><\/p>\n","protected":false},"author":1,"featured_media":0,"parent":0,"menu_order":0,"comment_status":"closed","ping_status":"closed","template":"","meta":{"site-sidebar-layout":"no-sidebar","site-content-layout":"plain-container","ast-global-header-display":"","ast-banner-title-visibility":"","ast-main-header-display":"","ast-hfb-above-header-display":"","ast-hfb-below-header-display":"","ast-hfb-mobile-header-display":"","site-post-title":"disabled","ast-breadcrumbs-content":"","ast-featured-img":"","footer-sml-layout":"","theme-transparent-header-meta":"enabled","adv-header-id-meta":"","stick-header-meta":"","header-above-stick-meta":"","header-main-stick-meta":"","header-below-stick-meta":"","footnotes":""},"class_list":["post-6","page","type-page","status-publish","hentry"],"_links":{"self":[{"href":"https:\/\/ximeacademy.com\/index.php\/wp-json\/wp\/v2\/pages\/6","targetHints":{"allow":["GET"]}}],"collection":[{"href":"https:\/\/ximeacademy.com\/index.php\/wp-json\/wp\/v2\/pages"}],"about":[{"href":"https:\/\/ximeacademy.com\/index.php\/wp-json\/wp\/v2\/types\/page"}],"author":[{"embeddable":true,"href":"https:\/\/ximeacademy.com\/index.php\/wp-json\/wp\/v2\/users\/1"}],"replies":[{"embeddable":true,"href":"https:\/\/ximeacademy.com\/index.php\/wp-json\/wp\/v2\/comments?post=6"}],"version-history":[{"count":80,"href":"https:\/\/ximeacademy.com\/index.php\/wp-json\/wp\/v2\/pages\/6\/revisions"}],"predecessor-version":[{"id":4231,"href":"https:\/\/ximeacademy.com\/index.php\/wp-json\/wp\/v2\/pages\/6\/revisions\/4231"}],"wp:attachment":[{"href":"https:\/\/ximeacademy.com\/index.php\/wp-json\/wp\/v2\/media?parent=6"}],"curies":[{"name":"wp","href":"https:\/\/api.w.org\/{rel}","templated":true}]}}