{"id":4170,"date":"2025-03-04T17:23:33","date_gmt":"2025-03-04T22:23:33","guid":{"rendered":"https:\/\/ximeacademy.com\/?page_id=4170"},"modified":"2025-03-04T17:25:10","modified_gmt":"2025-03-04T22:25:10","slug":"elementor-4170","status":"publish","type":"page","link":"https:\/\/ximeacademy.com\/index.php\/elementor-4170\/","title":{"rendered":"Elementor #4170"},"content":{"rendered":"\t\t<div data-elementor-type=\"wp-page\" data-elementor-id=\"4170\" class=\"elementor elementor-4170\">\n\t\t\t\t\t\t\t\t\t<section class=\"elementor-section elementor-top-section elementor-element elementor-element-73c5ed0 elementor-section-boxed elementor-section-height-default elementor-section-height-default\" data-id=\"73c5ed0\" data-element_type=\"section\">\n\t\t\t\t\t\t<div class=\"elementor-container elementor-column-gap-default\">\n\t\t\t\t\t<div class=\"elementor-column elementor-col-100 elementor-top-column elementor-element elementor-element-cb0f9bb\" data-id=\"cb0f9bb\" data-element_type=\"column\">\n\t\t\t<div class=\"elementor-widget-wrap elementor-element-populated\">\n\t\t\t\t\t\t\t\t<div class=\"elementor-element elementor-element-2fcf47b elementor-widget elementor-widget-text-editor\" data-id=\"2fcf47b\" data-element_type=\"widget\" data-widget_type=\"text-editor.default\">\n\t\t\t\t<div class=\"elementor-widget-container\">\n\t\t\t<style>\/*! elementor - v3.14.0 - 18-06-2023 *\/\n.elementor-widget-text-editor.elementor-drop-cap-view-stacked .elementor-drop-cap{background-color:#69727d;color:#fff}.elementor-widget-text-editor.elementor-drop-cap-view-framed .elementor-drop-cap{color:#69727d;border:3px solid;background-color:transparent}.elementor-widget-text-editor:not(.elementor-drop-cap-view-default) .elementor-drop-cap{margin-top:8px}.elementor-widget-text-editor:not(.elementor-drop-cap-view-default) .elementor-drop-cap-letter{width:1em;height:1em}.elementor-widget-text-editor .elementor-drop-cap{float:left;text-align:center;line-height:1;font-size:50px}.elementor-widget-text-editor .elementor-drop-cap-letter{display:inline-block}<\/style>\t\t\t\t<p data-sourcepos=\"3:1-3:52\"><strong>Pol\u00edtica de Tratamiento de Datos<\/strong><\/p><ol data-sourcepos=\"5:1-33:0\">\n<li data-sourcepos=\"5:1-6:4\">\n<p data-sourcepos=\"5:5-5:202\"><strong>Responsable del Tratamiento:<\/strong> Xime Academy, con correo electr\u00f3nico de contacto info@ximeacademy.com y n\u00famero telef\u00f3nico +593989409943, ser\u00e1 la responsable del tratamiento de tus datos personales.<\/p>\n<\/li>\n<li data-sourcepos=\"7:1-8:4\">\n<p data-sourcepos=\"7:5-7:448\"><strong>Datos Personales Recopilados:<\/strong> Recopilamos datos de identificaci\u00f3n (nombre, correo electr\u00f3nico, n\u00famero de tel\u00e9fono, direcci\u00f3n), datos de acceso a la plataforma (nombre de usuario, contrase\u00f1a), datos de navegaci\u00f3n (direcci\u00f3n IP, tipo de navegador, p\u00e1ginas visitadas, cookies), datos acad\u00e9micos (cursos inscritos, progreso, calificaciones), datos de pago (informaci\u00f3n de tarjetas de cr\u00e9dito\/d\u00e9bito) y datos de contacto (mensajes, comentarios).<\/p>\n<\/li>\n<li data-sourcepos=\"9:1-19:8\">\n<p data-sourcepos=\"9:5-9:63\"><strong>Finalidades del Tratamiento:<\/strong> Utilizamos tus datos para:<\/p>\n<ul data-sourcepos=\"11:5-19:8\">\n<li data-sourcepos=\"11:5-11:52\">Gestionar tu registro y acceso a los cursos.<\/li>\n<li data-sourcepos=\"12:5-12:47\">Procesar pagos y gestionar facturaci\u00f3n.<\/li>\n<li data-sourcepos=\"13:5-13:94\">Comunicarnos contigo sobre los cursos, actualizaciones, promociones y soporte t\u00e9cnico.<\/li>\n<li data-sourcepos=\"14:5-14:84\">Personalizar tu experiencia de aprendizaje y recomendarte cursos relevantes.<\/li>\n<li data-sourcepos=\"15:5-15:71\">Mejorar la calidad de nuestros cursos y la plataforma en l\u00ednea.<\/li>\n<li data-sourcepos=\"16:5-16:61\">Realizar an\u00e1lisis estad\u00edsticos y estudios de mercado.<\/li>\n<li data-sourcepos=\"17:5-17:74\">Enviar publicidad personalizada sobre nuestros cursos y servicios.<\/li>\n<li data-sourcepos=\"18:5-19:8\">Cumplir con nuestras obligaciones legales y detectar fraudes.<\/li>\n<\/ul>\n<\/li>\n<li data-sourcepos=\"20:1-21:4\">\n<p data-sourcepos=\"20:5-20:212\"><strong>Derechos de los Titulares:<\/strong> Tienes derecho a acceder, rectificar, cancelar, oponerte, limitar el uso y solicitar la portabilidad de tus datos. Para ejercer tus derechos, cont\u00e1ctanos a info@ximeacademy.com.<\/p>\n<\/li>\n<li data-sourcepos=\"22:1-23:4\">\n<p data-sourcepos=\"22:5-22:306\"><strong>Medidas de Seguridad:<\/strong> <span>Implementamos medidas de seguridad t\u00e9cnicas, administrativas y f\u00edsicas para proteger tus datos contra accesos no autorizados, p\u00e9rdidas,<source-footnote ng-version=\"0.0.0-PLACEHOLDER\" _nghost-ng-c564178985=\"\"><sup _ngcontent-ng-c564178985=\"\" data-turn-source-index=\"1\"><!----><\/sup><\/source-footnote><\/span> alteraciones o destrucciones. Estas medidas incluyen el cifrado de datos, controles de acceso, firewalls y copias de seguridad.<sources-carousel-inline ng-version=\"0.0.0-PLACEHOLDER\" _nghost-ng-c2938112499=\"\"><span _ngcontent-ng-c2938112499=\"\" hide-from-message-actions=\"\"> &nbsp; <button _ngcontent-ng-c2938112499=\"\" hide-from-message-actions=\"\" aria-controls=\"sources\" aria-expanded=\"false\" jslog=\"220646;track:generic_click,impression\" aria-describedby=\"cdk-describedby-message-ng-1-33\" cdk-describedby-host=\"ng-1\"><mat-icon _ngcontent-ng-c2938112499=\"\" role=\"img\" aria-hidden=\"true\" data-mat-icon-type=\"font\" data-mat-icon-name=\"expand_more\" fonticon=\"expand_more\"><\/mat-icon><\/button><!----><\/span><!----><sources-carousel _ngcontent-ng-c2938112499=\"\" hide-from-message-actions=\"\" _nghost-ng-c72688882=\"\" style=\"display: flex; visibility: hidden;\"><\/sources-carousel><\/sources-carousel-inline><\/p><div _ngcontent-ng-c72688882=\"\" jslog=\"220997;BardVeMetadataKey:[null,null,null,null,null,null,null,null,null,null,null,null,null,null,null,[1,null,1]]\"><!----><div _ngcontent-ng-c72688882=\"\"><div _ngcontent-ng-c72688882=\"\"><div _ngcontent-ng-c72688882=\"\" data-test-id=\"sources-carousel-source\"><!----><\/div><!----><!----><\/div><\/div><!----><\/div><!----><!----><!----><p><\/p>\n<\/li>\n<li data-sourcepos=\"24:1-25:4\">\n<p data-sourcepos=\"24:5-24:311\"><strong>Transferencia de Datos:<\/strong> Podemos compartir tus datos con terceros proveedores de servicios (procesadores de pago, plataformas de email marketing, etc.) que nos ayudan a operar nuestra plataforma y ofrecerte nuestros servicios. Todos los terceros est\u00e1n sujetos a contratos de confidencialidad y seguridad.<\/p>\n<\/li>\n<li data-sourcepos=\"26:1-27:4\">\n<p data-sourcepos=\"26:5-26:393\"><strong>Uso de Cookies y Tecnolog\u00edas Similares:<\/strong> Utilizamos cookies, web beacons y otras tecnolog\u00edas para recopilar informaci\u00f3n sobre tu navegaci\u00f3n y preferencias. Esto nos permite personalizar tu experiencia, analizar el tr\u00e1fico del sitio web y mostrarte publicidad relevante. Puedes configurar tu navegador para rechazar las cookies, pero esto puede afectar la funcionalidad de la plataforma.<\/p>\n<\/li>\n<li data-sourcepos=\"28:1-29:4\">\n<p data-sourcepos=\"28:5-28:222\"><strong>Conservaci\u00f3n de Datos:<\/strong> Conservamos tus datos personales durante el tiempo necesario para cumplir con las finalidades descritas en esta pol\u00edtica, a menos que la ley exija o permita un per\u00edodo de retenci\u00f3n m\u00e1s largo.<\/p>\n<\/li>\n<li data-sourcepos=\"30:1-31:4\">\n<p data-sourcepos=\"30:5-30:221\"><strong>Cambios en la Pol\u00edtica:<\/strong> Nos reservamos el derecho de modificar esta pol\u00edtica en cualquier momento. Los cambios ser\u00e1n publicados en nuestro sitio web y te notificaremos por correo electr\u00f3nico si son significativos.<\/p>\n<\/li>\n<li data-sourcepos=\"32:1-33:0\">\n<p data-sourcepos=\"32:5-32:108\"><strong>Contacto:<\/strong> Si tienes preguntas o inquietudes sobre esta pol\u00edtica, cont\u00e1ctanos a info@ximeacademy.com<\/p><\/li><\/ol>\t\t\t\t\t\t<\/div>\n\t\t\t\t<\/div>\n\t\t\t\t\t<\/div>\n\t\t<\/div>\n\t\t\t\t\t\t\t<\/div>\n\t\t<\/section>\n\t\t\t\t\t\t\t<\/div>\n\t\t","protected":false},"excerpt":{"rendered":"<p>Pol\u00edtica de Tratamiento de Datos Responsable del Tratamiento: Xime Academy, con correo electr\u00f3nico de contacto info@ximeacademy.com y n\u00famero telef\u00f3nico +593989409943, ser\u00e1 la responsable del tratamiento de tus datos personales. Datos Personales Recopilados: Recopilamos datos de identificaci\u00f3n (nombre, correo electr\u00f3nico, n\u00famero de tel\u00e9fono, direcci\u00f3n), datos de acceso a la plataforma (nombre de usuario, contrase\u00f1a), datos de &hellip;<\/p>\n<p class=\"read-more\"> <a class=\"\" href=\"https:\/\/ximeacademy.com\/index.php\/elementor-4170\/\"> <span class=\"screen-reader-text\">Elementor #4170<\/span> Leer m\u00e1s &raquo;<\/a><\/p>\n","protected":false},"author":1,"featured_media":0,"parent":0,"menu_order":0,"comment_status":"closed","ping_status":"closed","template":"","meta":{"site-sidebar-layout":"no-sidebar","site-content-layout":"page-builder","ast-global-header-display":"","ast-banner-title-visibility":"","ast-main-header-display":"","ast-hfb-above-header-display":"","ast-hfb-below-header-display":"","ast-hfb-mobile-header-display":"","site-post-title":"disabled","ast-breadcrumbs-content":"","ast-featured-img":"disabled","footer-sml-layout":"","theme-transparent-header-meta":"","adv-header-id-meta":"","stick-header-meta":"","header-above-stick-meta":"","header-main-stick-meta":"","header-below-stick-meta":"","footnotes":""},"class_list":["post-4170","page","type-page","status-publish","hentry"],"_links":{"self":[{"href":"https:\/\/ximeacademy.com\/index.php\/wp-json\/wp\/v2\/pages\/4170","targetHints":{"allow":["GET"]}}],"collection":[{"href":"https:\/\/ximeacademy.com\/index.php\/wp-json\/wp\/v2\/pages"}],"about":[{"href":"https:\/\/ximeacademy.com\/index.php\/wp-json\/wp\/v2\/types\/page"}],"author":[{"embeddable":true,"href":"https:\/\/ximeacademy.com\/index.php\/wp-json\/wp\/v2\/users\/1"}],"replies":[{"embeddable":true,"href":"https:\/\/ximeacademy.com\/index.php\/wp-json\/wp\/v2\/comments?post=4170"}],"version-history":[{"count":4,"href":"https:\/\/ximeacademy.com\/index.php\/wp-json\/wp\/v2\/pages\/4170\/revisions"}],"predecessor-version":[{"id":4175,"href":"https:\/\/ximeacademy.com\/index.php\/wp-json\/wp\/v2\/pages\/4170\/revisions\/4175"}],"wp:attachment":[{"href":"https:\/\/ximeacademy.com\/index.php\/wp-json\/wp\/v2\/media?parent=4170"}],"curies":[{"name":"wp","href":"https:\/\/api.w.org\/{rel}","templated":true}]}}