{"id":4155,"date":"2025-03-04T15:43:31","date_gmt":"2025-03-04T20:43:31","guid":{"rendered":"https:\/\/ximeacademy.com\/?page_id=4155"},"modified":"2025-03-04T16:45:32","modified_gmt":"2025-03-04T21:45:32","slug":"terminos-y-condiciones-del-servicio","status":"publish","type":"page","link":"https:\/\/ximeacademy.com\/index.php\/terminos-y-condiciones-del-servicio\/","title":{"rendered":"T\u00e9rminos y Condiciones del Servicio"},"content":{"rendered":"\t\t<div data-elementor-type=\"wp-page\" data-elementor-id=\"4155\" class=\"elementor elementor-4155\">\n\t\t\t\t\t\t\t\t\t<section class=\"elementor-section elementor-top-section elementor-element elementor-element-703929b2 elementor-section-boxed elementor-section-height-default elementor-section-height-default\" data-id=\"703929b2\" data-element_type=\"section\">\n\t\t\t\t\t\t<div class=\"elementor-container elementor-column-gap-default\">\n\t\t\t\t\t<div class=\"elementor-column elementor-col-100 elementor-top-column elementor-element elementor-element-13b5c033\" data-id=\"13b5c033\" data-element_type=\"column\">\n\t\t\t<div class=\"elementor-widget-wrap elementor-element-populated\">\n\t\t\t\t\t\t\t\t<div class=\"elementor-element elementor-element-67b94a43 elementor-widget elementor-widget-text-editor\" data-id=\"67b94a43\" data-element_type=\"widget\" data-widget_type=\"text-editor.default\">\n\t\t\t\t<div class=\"elementor-widget-container\">\n\t\t\t<style>\/*! elementor - v3.14.0 - 18-06-2023 *\/\n.elementor-widget-text-editor.elementor-drop-cap-view-stacked .elementor-drop-cap{background-color:#69727d;color:#fff}.elementor-widget-text-editor.elementor-drop-cap-view-framed .elementor-drop-cap{color:#69727d;border:3px solid;background-color:transparent}.elementor-widget-text-editor:not(.elementor-drop-cap-view-default) .elementor-drop-cap{margin-top:8px}.elementor-widget-text-editor:not(.elementor-drop-cap-view-default) .elementor-drop-cap-letter{width:1em;height:1em}.elementor-widget-text-editor .elementor-drop-cap{float:left;text-align:center;line-height:1;font-size:50px}.elementor-widget-text-editor .elementor-drop-cap-letter{display:inline-block}<\/style>\t\t\t\t<p class=\"MsoNormal\"><b><span style=\"font-size: 14.0pt; line-height: 107%;\">T\u00e9rminos y Condiciones del Servicio<\/span><\/b><b><\/b><\/p>\n<p class=\"MsoNormal\"><b>1. Aceptaci\u00f3n de los T\u00e9rminos<\/b><\/p>\n<p class=\"MsoNormal\">Al acceder y utilizar el sitio web de Ximeacademy (<a href=\"https:\/\/ximeacademy.com\/\" target=\"_blank\" rel=\"noopener\">https:\/\/ximeacademy.com\/<\/a>) y adquirir cualquiera de nuestros cursos, usted acepta estar sujeto a estos T\u00e9rminos y Condiciones. Si no est\u00e1 de acuerdo con alguna parte de estos t\u00e9rminos, no debe utilizar nuestros servicios. \u00a0<\/p>\n<p class=\"MsoNormal\"><b>2. Descripci\u00f3n de los Servicios<\/b><\/p>\n<p class=\"MsoNormal\">Xime Academy ofrece cursos de educaci\u00f3n financiera en l\u00ednea dirigidos a personas de habla hispana. Nuestros cursos incluyen materiales educativos, videos, ejercicios y otros recursos dise\u00f1ados para mejorar su conocimiento y habilidades financieras.<\/p>\n<p class=\"MsoNormal\"><b>3. Registro y Cuenta de Usuario<\/b><\/p>\n<ul style=\"margin-top: 0cm;\" type=\"disc\">\n<li class=\"MsoNormal\">Para acceder a nuestros cursos, debe registrarse y crear una cuenta de usuario.<\/li>\n<li class=\"MsoNormal\">Usted es responsable de mantener la confidencialidad de su informaci\u00f3n de inicio de sesi\u00f3n. \u00a0<\/li>\n<li class=\"MsoNormal\">Usted acepta proporcionar informaci\u00f3n precisa y completa durante el proceso de registro.<\/li>\n<\/ul>\n<p class=\"MsoNormal\"><b>4. Pago y Acceso a los Cursos<\/b><\/p>\n<ul style=\"margin-top: 0cm;\" type=\"disc\">\n<li class=\"MsoNormal\">Los precios de los cursos se indican en nuestro sitio web.<\/li>\n<li class=\"MsoNormal\">El acceso a los cursos se otorga despu\u00e9s de la confirmaci\u00f3n del pago.<\/li>\n<li class=\"MsoNormal\">Nos reservamos el derecho de modificar los precios y la disponibilidad de los cursos en cualquier momento.<\/li>\n<\/ul>\n<p class=\"MsoNormal\"><b>5. Propiedad Intelectual<\/b><\/p>\n<ul style=\"margin-top: 0cm;\" type=\"disc\">\n<li class=\"MsoNormal\">Todos los materiales del curso, incluyendo videos, documentos y ejercicios, son propiedad de Xime Academy y est\u00e1n protegidos por derechos de autor.<\/li>\n<li class=\"MsoNormal\">Usted se compromete a no reproducir, distribuir ni compartir el contenido del curso sin nuestro permiso expreso.<\/li>\n<\/ul>\n<p class=\"MsoNormal\"><b>6. Uso Aceptable<\/b><\/p>\n<ul style=\"margin-top: 0cm;\" type=\"disc\">\n<li class=\"MsoNormal\">Usted se compromete a utilizar nuestros servicios de manera responsable y \u00e9tica.<\/li>\n<li class=\"MsoNormal\">Queda prohibido utilizar nuestros servicios para actividades ilegales o perjudiciales.<\/li>\n<li class=\"MsoNormal\">Queda prohibido compartir el acceso a los cursos a personas que no hayan realizado el pago de los mismos.<\/li>\n<li class=\"MsoNormal\">Queda prohibido intentar alterar, o copiar el material de los cursos.<\/li>\n<\/ul>\n<p class=\"MsoNormal\"><b>7. Limitaci\u00f3n de Responsabilidad<\/b><\/p>\n<ul style=\"margin-top: 0cm;\" type=\"disc\">\n<li class=\"MsoNormal\">Xime Academy no garantiza resultados espec\u00edficos del aprendizaje de nuestros cursos.<\/li>\n<li class=\"MsoNormal\">No somos responsables de cualquier p\u00e9rdida o da\u00f1o que pueda surgir del uso de nuestros servicios.<\/li>\n<li class=\"MsoNormal\">Xime Academy no ofrece asesoramiento financiero personalizado. Los cursos son para fines educativos \u00fanicamente.<\/li>\n<\/ul>\n<p class=\"MsoNormal\"><b>8. Comentarios y Opiniones<\/b><\/p>\n<ul style=\"margin-top: 0cm;\" type=\"disc\">\n<li class=\"MsoNormal\">Usted puede publicar comentarios y opiniones sobre los cursos en nuestro sitio web o en los foros designados.<\/li>\n<li class=\"MsoNormal\">Nos reservamos el derecho de eliminar cualquier comentario que sea ofensivo, ilegal o inapropiado.<\/li>\n<li class=\"MsoNormal\">Esta prohibido el uso de lenguaje ofensivo, discriminatorio, o que incite a la violencia.<\/li>\n<\/ul>\n<p class=\"MsoNormal\"><b>9. Informaci\u00f3n Personal<\/b><\/p>\n<ul style=\"margin-top: 0cm;\" type=\"disc\">\n<li class=\"MsoNormal\">El env\u00edo de informaci\u00f3n personal a trav\u00e9s de nuestro sitio web se rige por nuestra Pol\u00edtica de privacidad.<\/li>\n<\/ul>\n<p class=\"MsoNormal\"><b>10. Modificaciones a los T\u00e9rminos y Condiciones<\/b><\/p>\n<ul style=\"margin-top: 0cm;\" type=\"disc\">\n<li class=\"MsoNormal\">Nos reservamos el derecho de modificar estos T\u00e9rminos y Condiciones en cualquier momento. \u00a0<\/li>\n<li class=\"MsoNormal\">Los cambios ser\u00e1n publicados en nuestro sitio web y entrar\u00e1n en vigor inmediatamente. \u00a0<\/li>\n<\/ul>\n<p class=\"MsoNormal\"><b>11. Informaci\u00f3n de Contacto<\/b><\/p>\n<ul style=\"margin-top: 0cm;\" type=\"disc\">\n<li class=\"MsoNormal\">Correo electr\u00f3nico: info@ximeacademy.com<\/li>\n<li class=\"MsoNormal\">Tel\u00e9fono: +593989409943<\/li>\n<\/ul>\n<p class=\"MsoNormal\"><b>12. Legislaci\u00f3n Aplicable<\/b><\/p>\n<p>\u00a0<\/p>\n<p class=\"MsoNormal\">Estos T\u00e9rminos y Condiciones se rigen por las leyes de Ecuador.<\/p>\t\t\t\t\t\t<\/div>\n\t\t\t\t<\/div>\n\t\t\t\t\t<\/div>\n\t\t<\/div>\n\t\t\t\t\t\t\t<\/div>\n\t\t<\/section>\n\t\t\t\t<section class=\"elementor-section elementor-top-section elementor-element elementor-element-09f6cad elementor-section-boxed elementor-section-height-default elementor-section-height-default\" data-id=\"09f6cad\" data-element_type=\"section\">\n\t\t\t\t\t\t<div class=\"elementor-container elementor-column-gap-default\">\n\t\t\t\t\t<div class=\"elementor-column elementor-col-100 elementor-top-column elementor-element elementor-element-60ff3a0\" data-id=\"60ff3a0\" data-element_type=\"column\">\n\t\t\t<div class=\"elementor-widget-wrap elementor-element-populated\">\n\t\t\t\t\t\t\t\t<div class=\"elementor-element elementor-element-61eee19 elementor-widget elementor-widget-text-editor\" data-id=\"61eee19\" data-element_type=\"widget\" data-widget_type=\"text-editor.default\">\n\t\t\t\t<div class=\"elementor-widget-container\">\n\t\t\t\t\t\t\t\t\t\t\t\t\t<\/div>\n\t\t\t\t<\/div>\n\t\t\t\t\t<\/div>\n\t\t<\/div>\n\t\t\t\t\t\t\t<\/div>\n\t\t<\/section>\n\t\t\t\t\t\t\t<\/div>\n\t\t","protected":false},"excerpt":{"rendered":"<p>T\u00e9rminos y Condiciones del Servicio 1. Aceptaci\u00f3n de los T\u00e9rminos Al acceder y utilizar el sitio web de Ximeacademy (https:\/\/ximeacademy.com\/) y adquirir cualquiera de nuestros cursos, usted acepta estar sujeto a estos T\u00e9rminos y Condiciones. Si no est\u00e1 de acuerdo con alguna parte de estos t\u00e9rminos, no debe utilizar nuestros servicios. \u00a0 2. Descripci\u00f3n de &hellip;<\/p>\n<p class=\"read-more\"> <a class=\"\" href=\"https:\/\/ximeacademy.com\/index.php\/terminos-y-condiciones-del-servicio\/\"> <span class=\"screen-reader-text\">T\u00e9rminos y Condiciones del Servicio<\/span> Leer m\u00e1s &raquo;<\/a><\/p>\n","protected":false},"author":1,"featured_media":0,"parent":0,"menu_order":0,"comment_status":"closed","ping_status":"closed","template":"","meta":{"site-sidebar-layout":"default","site-content-layout":"default","ast-global-header-display":"","ast-banner-title-visibility":"","ast-main-header-display":"","ast-hfb-above-header-display":"","ast-hfb-below-header-display":"","ast-hfb-mobile-header-display":"","site-post-title":"","ast-breadcrumbs-content":"","ast-featured-img":"","footer-sml-layout":"","theme-transparent-header-meta":"","adv-header-id-meta":"","stick-header-meta":"","header-above-stick-meta":"","header-main-stick-meta":"","header-below-stick-meta":"","footnotes":""},"class_list":["post-4155","page","type-page","status-publish","hentry"],"_links":{"self":[{"href":"https:\/\/ximeacademy.com\/index.php\/wp-json\/wp\/v2\/pages\/4155","targetHints":{"allow":["GET"]}}],"collection":[{"href":"https:\/\/ximeacademy.com\/index.php\/wp-json\/wp\/v2\/pages"}],"about":[{"href":"https:\/\/ximeacademy.com\/index.php\/wp-json\/wp\/v2\/types\/page"}],"author":[{"embeddable":true,"href":"https:\/\/ximeacademy.com\/index.php\/wp-json\/wp\/v2\/users\/1"}],"replies":[{"embeddable":true,"href":"https:\/\/ximeacademy.com\/index.php\/wp-json\/wp\/v2\/comments?post=4155"}],"version-history":[{"count":6,"href":"https:\/\/ximeacademy.com\/index.php\/wp-json\/wp\/v2\/pages\/4155\/revisions"}],"predecessor-version":[{"id":4164,"href":"https:\/\/ximeacademy.com\/index.php\/wp-json\/wp\/v2\/pages\/4155\/revisions\/4164"}],"wp:attachment":[{"href":"https:\/\/ximeacademy.com\/index.php\/wp-json\/wp\/v2\/media?parent=4155"}],"curies":[{"name":"wp","href":"https:\/\/api.w.org\/{rel}","templated":true}]}}